{"id":2154,"date":"2019-12-07T08:29:07","date_gmt":"2019-12-07T07:29:07","guid":{"rendered":"https:\/\/www.periscoop-marketing.com\/index.php\/projects\/"},"modified":"2025-06-20T14:42:57","modified_gmt":"2025-06-20T12:42:57","slug":"projects","status":"publish","type":"page","link":"https:\/\/www.periscoop-marketing.com\/index.php\/projects\/","title":{"rendered":"Notre Expertise"},"content":{"rendered":"\t\t<div data-elementor-type=\"wp-page\" data-elementor-id=\"2154\" class=\"elementor elementor-2154\" data-elementor-post-type=\"page\">\n\t\t\t\t<div class=\"aux-parallax-section elementor-element elementor-element-4869216 e-flex e-con-boxed e-con e-parent\" data-id=\"4869216\" data-element_type=\"container\">\n\t\t\t\t\t<div class=\"e-con-inner\">\n\t\t\t\t<div class=\"elementor-element elementor-element-2e77fb5 elementor-widget-divider--view-line elementor-widget elementor-widget-divider\" data-id=\"2e77fb5\" data-element_type=\"widget\" data-widget_type=\"divider.default\">\n\t\t\t\t<div class=\"elementor-widget-container\">\n\t\t\t\t\t<div class=\"elementor-divider\">\n\t\t\t<span class=\"elementor-divider-separator\">\n\t\t\t\t\t\t<\/span>\n\t\t<\/div>\n\t\t\t\t<\/div>\n\t\t\t\t<\/div>\n\t\t\t\t\t<\/div>\n\t\t\t\t<\/div>\n\t\t<div class=\"aux-parallax-section elementor-element elementor-element-b5697c9 e-flex e-con-boxed e-con e-parent\" data-id=\"b5697c9\" data-element_type=\"container\">\n\t\t\t\t\t<div class=\"e-con-inner\">\n\t\t\t\t<div class=\"elementor-element elementor-element-22fe628 elementor-widget elementor-widget-heading\" data-id=\"22fe628\" data-element_type=\"widget\" data-widget_type=\"heading.default\">\n\t\t\t\t<div class=\"elementor-widget-container\">\n\t\t\t<h2 class=\"elementor-heading-title elementor-size-default\">Notre expertise<\/h2>\t\t<\/div>\n\t\t\t\t<\/div>\n\t\t\t\t\t<\/div>\n\t\t\t\t<\/div>\n\t\t<div class=\"aux-parallax-section elementor-element elementor-element-fa5fa17 e-flex e-con-boxed e-con e-parent\" data-id=\"fa5fa17\" data-element_type=\"container\">\n\t\t\t\t\t<div class=\"e-con-inner\">\n\t\t\t\t<div class=\"elementor-element elementor-element-acbeebc elementor-widget elementor-widget-image\" data-id=\"acbeebc\" data-element_type=\"widget\" data-widget_type=\"image.default\">\n\t\t\t\t<div class=\"elementor-widget-container\">\n\t\t\t\t\t\t\t\t\t\t\t\t\t<img fetchpriority=\"high\" decoding=\"async\" width=\"734\" height=\"768\" src=\"https:\/\/www.periscoop-marketing.com\/wp-content\/uploads\/2019\/11\/general_1_.png\" class=\"attachment-medium_large size-medium_large wp-image-2137\" alt=\"\" \/>\t\t\t\t\t\t\t\t\t\t\t\t\t<\/div>\n\t\t\t\t<\/div>\n\t\t\t\t\t<\/div>\n\t\t\t\t<\/div>\n\t\t<div class=\"aux-parallax-section elementor-element elementor-element-d3b9029 e-flex e-con-boxed e-con e-parent\" data-id=\"d3b9029\" data-element_type=\"container\">\n\t\t\t\t\t<div class=\"e-con-inner\">\n\t\t\t\t<div class=\"elementor-element elementor-element-9319be9 elementor-widget elementor-widget-heading\" data-id=\"9319be9\" data-element_type=\"widget\" data-widget_type=\"heading.default\">\n\t\t\t\t<div class=\"elementor-widget-container\">\n\t\t\t<h2 class=\"elementor-heading-title elementor-size-default\">Une approche orient\u00e9e \u00ab\u00a0terrains &amp; visions entreprises\u00a0\u00bb<\/h2>\t\t<\/div>\n\t\t\t\t<\/div>\n\t\t\t\t\t<\/div>\n\t\t\t\t<\/div>\n\t\t<div class=\"aux-parallax-section elementor-element elementor-element-2ef53a1 e-flex e-con-boxed e-con e-parent\" data-id=\"2ef53a1\" data-element_type=\"container\">\n\t\t\t\t\t<div class=\"e-con-inner\">\n\t\t\t\t<div class=\"elementor-element elementor-element-8d30c0e elementor-widget__width-initial elementor-widget-mobile__width-initial elementor-widget elementor-widget-text-editor\" data-id=\"8d30c0e\" data-element_type=\"widget\" data-widget_type=\"text-editor.default\">\n\t\t\t\t<div class=\"elementor-widget-container\">\n\t\t\t\t\t\t\t<p>Les terrains d&rsquo;\u00e9tudes marketing B to B pr\u00e9sentent des singularit\u00e9s\u00a0inh\u00e9rentes \u00e0 la nature des relations commerciales entre entreprises. Et puisque \u00ab\u00a0le monde entier est un pont \u00e9troit\u00a0\u00bb\u00a0, les membres de nos panels professionnels sont peut-\u00eatre vos futurs partenaires, clients ou coll\u00e8gues, eux aussi.<\/p><p>Aussi, chez Periscoop nous d\u00e9ployons\u00a0des approches\u00a0flexibles,\u00a0pour r\u00e9pondre \u00e0 vos probl\u00e9matiques, dans le respect de votre culture corporate. Parmi nos atouts, une connaissance tangible du monde de l\u2019entreprise et une solide expertise des terrains d\u2019\u00e9tudes B to B et des moyens de collecter des informations fiables pour proc\u00e9der aux analyses les plus pertinentes pour vous permettre de faire les bons choix.<\/p><p>Nous nous appuyons sur un panel fid\u00e9lis\u00e9 et efficace pour atteindre vos cibles sp\u00e9cifiques de professionnels complexes \u00e0 identifier et r\u00e9pondons \u00e0 vos besoins particuliers de recrutement.\u00a0<\/p><p>Chez Periscoop, la plupart de nos recrutements de participants et plus globalement, de nos terrains d\u2019\u00e9tudes sont r\u00e9alis\u00e9s en interne. Nous nous impliquons pleinement, de A \u00e0 Z, \u00e0 chaque \u00e9tape de votre projet.<\/p><p>Attentifs \u00e0 la nature et aux enjeux strat\u00e9giques des entreprises, \u00e0 la confidentialit\u00e9 et \u00e0 la sensibilit\u00e9 des donn\u00e9es et informations partag\u00e9es, tous les consultants de Periscoop Marketing consid\u00e8rent comme essentiel la compr\u00e9hension pr\u00e9cise\u00a0de vos enjeux strat\u00e9giques, le respect de vos cibles afin d&rsquo;acc\u00e9der aux bons d\u00e9cideurs, et la personnalisation\u00a0de chaque \u00e9tude pour refl\u00e9ter les r\u00e9alit\u00e9s uniques de chaque march\u00e9.<\/p>\t\t\t\t\t\t<\/div>\n\t\t\t\t<\/div>\n\t\t\t\t\t<\/div>\n\t\t\t\t<\/div>\n\t\t<div class=\"aux-parallax-section elementor-element elementor-element-1420823 e-flex e-con-boxed e-con e-parent\" data-id=\"1420823\" data-element_type=\"container\">\n\t\t\t\t\t<div class=\"e-con-inner\">\n\t\t\t\t<div class=\"elementor-element elementor-element-ba72034 elementor-widget elementor-widget-heading\" data-id=\"ba72034\" data-element_type=\"widget\" data-widget_type=\"heading.default\">\n\t\t\t\t<div class=\"elementor-widget-container\">\n\t\t\t<h2 class=\"elementor-heading-title elementor-size-default\">Des moyens pour explorer vos perspectives de march\u00e9s<\/h2>\t\t<\/div>\n\t\t\t\t<\/div>\n\t\t\t\t\t<\/div>\n\t\t\t\t<\/div>\n\t\t<div class=\"aux-parallax-section elementor-element elementor-element-345f209 e-flex e-con-boxed e-con e-parent\" data-id=\"345f209\" data-element_type=\"container\">\n\t\t\t\t\t<div class=\"e-con-inner\">\n\t\t\t\t<div class=\"elementor-element elementor-element-f4e053f elementor-widget elementor-widget-text-editor\" data-id=\"f4e053f\" data-element_type=\"widget\" data-widget_type=\"text-editor.default\">\n\t\t\t\t<div class=\"elementor-widget-container\">\n\t\t\t\t\t\t\t<p><span style=\"vertical-align: inherit;\"><span style=\"vertical-align: inherit;\"><span style=\"vertical-align: inherit;\"><span style=\"vertical-align: inherit;\">Anim\u00e9s par la passion de l&rsquo;\u00e9coute, de l&rsquo;observation nous combinons, mixons et r\u00e9inventons les m\u00e9thodologies qualitatives classiques et en ligne. <\/span><\/span><\/span><\/span><br \/><span style=\"vertical-align: inherit;\"><span style=\"vertical-align: inherit;\"><span style=\"vertical-align: inherit;\"><span style=\"vertical-align: inherit;\">Nous mettons en \u0153uvre des solutions cr\u00e9atives et efficaces pour r\u00e9pondre \u00e0 vos objectifs dans le respect de vos d\u00e9lais et de vos budgets.<\/span><\/span><\/span><\/span><\/p>\t\t\t\t\t\t<\/div>\n\t\t\t\t<\/div>\n\t\t\t\t\t<\/div>\n\t\t\t\t<\/div>\n\t\t<div class=\"aux-parallax-section elementor-element elementor-element-dc3a9c8 e-flex e-con-boxed e-con e-parent\" data-id=\"dc3a9c8\" data-element_type=\"container\">\n\t\t\t\t\t<div class=\"e-con-inner\">\n\t\t\t\t<div class=\"elementor-element elementor-element-aaeb908 elementor-align-left elementor-widget-tablet__width-initial elementor-widget-mobile__width-initial elementor-icon-list--layout-traditional elementor-list-item-link-full_width elementor-widget elementor-widget-icon-list\" data-id=\"aaeb908\" data-element_type=\"widget\" data-widget_type=\"icon-list.default\">\n\t\t\t\t<div class=\"elementor-widget-container\">\n\t\t\t\t\t<ul class=\"elementor-icon-list-items\">\n\t\t\t\t\t\t\t<li class=\"elementor-icon-list-item\">\n\t\t\t\t\t\t\t\t\t\t\t<span class=\"elementor-icon-list-icon\">\n\t\t\t\t\t\t\t<i aria-hidden=\"true\" class=\"auxicon auxicon-office\"><\/i>\t\t\t\t\t\t<\/span>\n\t\t\t\t\t\t\t\t\t\t<span class=\"elementor-icon-list-text\"><b>R\u00e9seau de salles de r\u00e9unions \u00e0 Paris, en province et \u00e0 l\u2019international.<\/b><\/span>\n\t\t\t\t\t\t\t\t\t<\/li>\n\t\t\t\t\t\t\t\t<li class=\"elementor-icon-list-item\">\n\t\t\t\t\t\t\t\t\t\t\t<span class=\"elementor-icon-list-icon\">\n\t\t\t\t\t\t\t<svg aria-hidden=\"true\" class=\"e-font-icon-svg e-fas-network-wired\" viewBox=\"0 0 640 512\" xmlns=\"http:\/\/www.w3.org\/2000\/svg\"><path d=\"M640 264v-16c0-8.84-7.16-16-16-16H344v-40h72c17.67 0 32-14.33 32-32V32c0-17.67-14.33-32-32-32H224c-17.67 0-32 14.33-32 32v128c0 17.67 14.33 32 32 32h72v40H16c-8.84 0-16 7.16-16 16v16c0 8.84 7.16 16 16 16h104v40H64c-17.67 0-32 14.33-32 32v128c0 17.67 14.33 32 32 32h160c17.67 0 32-14.33 32-32V352c0-17.67-14.33-32-32-32h-56v-40h304v40h-56c-17.67 0-32 14.33-32 32v128c0 17.67 14.33 32 32 32h160c17.67 0 32-14.33 32-32V352c0-17.67-14.33-32-32-32h-56v-40h104c8.84 0 16-7.16 16-16zM256 128V64h128v64H256zm-64 320H96v-64h96v64zm352 0h-96v-64h96v64z\"><\/path><\/svg>\t\t\t\t\t\t<\/span>\n\t\t\t\t\t\t\t\t\t\t<span class=\"elementor-icon-list-text\"><b>Un network international de partenaires implant\u00e9 en Europe, Am\u00e9rique.<\/b><\/span>\n\t\t\t\t\t\t\t\t\t<\/li>\n\t\t\t\t\t\t\t\t<li class=\"elementor-icon-list-item\">\n\t\t\t\t\t\t\t\t\t\t\t<span class=\"elementor-icon-list-icon\">\n\t\t\t\t\t\t\t<svg aria-hidden=\"true\" class=\"e-font-icon-svg e-fas-dot-circle\" viewBox=\"0 0 512 512\" xmlns=\"http:\/\/www.w3.org\/2000\/svg\"><path d=\"M256 8C119.033 8 8 119.033 8 256s111.033 248 248 248 248-111.033 248-248S392.967 8 256 8zm80 248c0 44.112-35.888 80-80 80s-80-35.888-80-80 35.888-80 80-80 80 35.888 80 80z\"><\/path><\/svg>\t\t\t\t\t\t<\/span>\n\t\t\t\t\t\t\t\t\t\t<span class=\"elementor-icon-list-text\"><b>R\u00e9seau d\u2019enqu\u00eateurs professionnel.<\/b><\/span>\n\t\t\t\t\t\t\t\t\t<\/li>\n\t\t\t\t\t\t\t\t<li class=\"elementor-icon-list-item\">\n\t\t\t\t\t\t\t\t\t\t\t<span class=\"elementor-icon-list-icon\">\n\t\t\t\t\t\t\t<i aria-hidden=\"true\" class=\"auxicon auxicon-search\"><\/i>\t\t\t\t\t\t<\/span>\n\t\t\t\t\t\t\t\t\t\t<span class=\"elementor-icon-list-text\"><b>Services de visionnage \u00e0 distance et de traduction.<\/b><\/span>\n\t\t\t\t\t\t\t\t\t<\/li>\n\t\t\t\t\t\t\t\t<li class=\"elementor-icon-list-item\">\n\t\t\t\t\t\t\t\t\t\t\t<span class=\"elementor-icon-list-icon\">\n\t\t\t\t\t\t\t<i aria-hidden=\"true\" class=\"auxicon auxicon-database\"><\/i>\t\t\t\t\t\t<\/span>\n\t\t\t\t\t\t\t\t\t\t<span class=\"elementor-icon-list-text\"><b>Nous disposons d\u2019une importante base de donn\u00e9es d\u2019entreprises et de certains panels propri\u00e9taires<\/b><\/span>\n\t\t\t\t\t\t\t\t\t<\/li>\n\t\t\t\t\t\t<\/ul>\n\t\t\t\t<\/div>\n\t\t\t\t<\/div>\n\t\t\t\t\t<\/div>\n\t\t\t\t<\/div>\n\t\t<div class=\"aux-parallax-section elementor-element elementor-element-4012d1d e-flex e-con-boxed e-con e-parent\" data-id=\"4012d1d\" data-element_type=\"container\">\n\t\t\t\t\t<div class=\"e-con-inner\">\n\t\t\t\t<div class=\"elementor-element elementor-element-d5df552 elementor-widget__width-initial elementor-widget elementor-widget-aux_blockquote\" data-id=\"d5df552\" data-element_type=\"widget\" data-widget_type=\"aux_blockquote.default\">\n\t\t\t\t<div class=\"elementor-widget-container\">\n\t\t\t<section class=\"widget-container aux-widget-quote aux-parent-aud53795b1\"><blockquote class=\"aux-elem-quote aux-blockquote-normal aux-text-align-center aux-quote-symbol\"><p>Soyez un rep\u00e8re de qualit\u00e9. Certaines personnes ne sont pas habitu\u00e9es \u00e0 un environnement o\u00f9 on s\u2019attend \u00e0 l\u2019excellence.\n<h6>Steve Jobs<\/h6><\/p><\/blockquote><\/section><!-- widget-container -->\t\t<\/div>\n\t\t\t\t<\/div>\n\t\t\t\t\t<\/div>\n\t\t\t\t<\/div>\n\t\t\t\t<section class=\"elementor-section elementor-top-section elementor-element elementor-element-6b4e6afe elementor-section-boxed elementor-section-height-default elementor-section-height-default\" data-id=\"6b4e6afe\" data-element_type=\"section\" data-settings=\"{&quot;background_background&quot;:&quot;classic&quot;}\">\n\t\t\t\t\t\t\t<div class=\"elementor-background-overlay\"><\/div>\n\t\t\t\t\t\t\t<div class=\"elementor-container elementor-column-gap-no\">\n\t\t\t\t\t<div class=\"aux-parallax-section elementor-column elementor-col-100 elementor-top-column elementor-element elementor-element-6ecc428d\" data-id=\"6ecc428d\" data-element_type=\"column\" data-settings=\"{&quot;background_background&quot;:&quot;classic&quot;}\">\n\t\t\t<div class=\"elementor-widget-wrap elementor-element-populated\">\n\t\t\t\t\t\t<div class=\"elementor-element elementor-element-b1470db elementor-widget__width-initial aux-appear-watch-animation aux-fade-in-right-2 elementor-widget-mobile__width-initial elementor-widget elementor-widget-aux_modern_heading\" data-id=\"b1470db\" data-element_type=\"widget\" data-widget_type=\"aux_modern_heading.default\">\n\t\t\t\t<div class=\"elementor-widget-container\">\n\t\t\t<section class=\"aux-widget-modern-heading\">\n            <div class=\"aux-widget-inner\"><h4 class=\"aux-modern-heading-primary\">Vous avez une id\u00e9e, un projet ? Parlons-en ensemble !<\/h4><\/div>\n        <\/section>\t\t<\/div>\n\t\t\t\t<\/div>\n\t\t\t\t\t<\/div>\n\t\t<\/div>\n\t\t\t\t\t<\/div>\n\t\t<\/section>\n\t\t\t\t<section class=\"elementor-section elementor-top-section elementor-element elementor-element-2bf5b0b elementor-section-boxed elementor-section-height-default elementor-section-height-default\" data-id=\"2bf5b0b\" data-element_type=\"section\" data-settings=\"{&quot;background_background&quot;:&quot;classic&quot;}\">\n\t\t\t\t\t\t<div class=\"elementor-container elementor-column-gap-no\">\n\t\t\t\t\t<div class=\"aux-parallax-section elementor-column elementor-col-100 elementor-top-column elementor-element elementor-element-2a3909db\" data-id=\"2a3909db\" data-element_type=\"column\">\n\t\t\t<div class=\"elementor-widget-wrap elementor-element-populated\">\n\t\t\t\t\t\t<div class=\"elementor-element elementor-element-59bc91e8 elementor-widget__width-initial elementor-widget-mobile__width-inherit elementor-widget elementor-widget-aux_logo\" data-id=\"59bc91e8\" data-element_type=\"widget\" data-widget_type=\"aux_logo.default\">\n\t\t\t\t<div class=\"elementor-widget-container\">\n\t\t\t<div class=\"aux-widget-logo\"><a class=\"aux-logo-anchor aux-has-logo\" title=\"Periscoop marketing\" href=\"https:\/\/www.periscoop-marketing.com\/\"><img decoding=\"async\" width=\"700\" height=\"245\" src=\"https:\/\/www.periscoop-marketing.com\/wp-content\/uploads\/2024\/12\/cropped-logo-slogan-ok.png\" class=\"aux-attachment aux-featured-image attachment-700x245 aux-attachment-id-2842 \" alt=\"cropped-logo-slogan-ok.png\" data-ratio=\"2.86\" data-original-w=\"700\" \/><\/a><a class=\"aux-logo-anchor aux-logo-sticky aux-logo-hidden aux-has-logo\" title=\"Periscoop marketing\" href=\"https:\/\/www.periscoop-marketing.com\/\"><img decoding=\"async\" width=\"500\" height=\"167\" src=\"https:\/\/www.periscoop-marketing.com\/wp-content\/uploads\/2024\/09\/Logos-blanc.png\" class=\"aux-attachment aux-featured-image attachment-500x167 aux-attachment-id-2193 \" alt=\"Logos-blanc\" data-ratio=\"2.99\" data-original-w=\"500\" \/><\/a><section class=\"aux-logo-text\"><h3 class=\"site-title\"><a href=\"https:\/\/www.periscoop-marketing.com\/\" title=\"Periscoop marketing\">Periscoop marketing<\/a><\/h3><p class=\"site-description\">The b to b market research agency<\/p><\/section><\/div>\t\t<\/div>\n\t\t\t\t<\/div>\n\t\t\t\t<div class=\"elementor-element elementor-element-5ac5081d elementor-widget__width-auto elementor-widget elementor-widget-aux_menu_box\" data-id=\"5ac5081d\" data-element_type=\"widget\" data-widget_type=\"aux_menu_box.default\">\n\t\t\t\t<div class=\"elementor-widget-container\">\n\t\t\t<div class=\"aux-elementor-header-menu aux-nav-menu-element aux-nav-menu-element-5ac5081d\"><div class=\"aux-burger-box\" data-target-panel=\"toggle-bar\" data-target-content=\".elementor-element-5ac5081d .aux-master-menu\"><div class=\"aux-burger aux-lite-small\"><span class=\"mid-line\"><\/span><\/div><\/div><!-- start master menu -->\n<nav id=\"master-menu-elementor-5ac5081d\" class=\"menu-header-menu-container\">\n\n\t<ul id=\"menu-header-menu\" class=\"aux-master-menu aux-no-js aux-skin-classic aux-horizontal\" data-type=\"horizontal\"  data-switch-type=\"toggle\" data-switch-parent=\".elementor-element-5ac5081d .aux-toggle-menu-bar\" data-switch-width=\"1\"  >\n\t\t<!-- start single menu -->\n\t\t<li id=\"menu-item-2178\" class=\"a1i0s0 menu-item menu-item-type-post_type menu-item-object-page menu-item-home menu-item-2178 aux-menu-depth-0 aux-menu-root-1 aux-menu-item\">\n\t\t\t<a href=\"https:\/\/www.periscoop-marketing.com\/\" class=\"aux-item-content\">\n\t\t\t\t<span class=\"aux-menu-label\">Accueil<\/span>\n\t\t\t<\/a>\n\t\t<\/li>\n\t\t<!-- end single menu -->\n\t\t<!-- start single menu -->\n\t\t<li id=\"menu-item-2399\" class=\"menu-item menu-item-type-post_type menu-item-object-page menu-item-2399 aux-menu-depth-0 aux-menu-root-2 aux-menu-item\">\n\t\t\t<a href=\"https:\/\/www.periscoop-marketing.com\/index.php\/periscoop-marketing\/\" class=\"aux-item-content\">\n\t\t\t\t<span class=\"aux-menu-label\">Periscoop Marketing<\/span>\n\t\t\t<\/a>\n\t\t<\/li>\n\t\t<!-- end single menu -->\n\t\t<!-- start single menu -->\n\t\t<li id=\"menu-item-2180\" class=\"a1i0s0 menu-item menu-item-type-post_type menu-item-object-page menu-item-2180 aux-menu-depth-0 aux-menu-root-3 aux-menu-item\">\n\t\t\t<a href=\"https:\/\/www.periscoop-marketing.com\/index.php\/projects\/\" class=\"aux-item-content\">\n\t\t\t\t<span class=\"aux-menu-label\">Notre Expertise<\/span>\n\t\t\t<\/a>\n\t\t<\/li>\n\t\t<!-- end single menu -->\n\t\t<!-- start single menu -->\n\t\t<li id=\"menu-item-2409\" class=\"menu-item menu-item-type-post_type menu-item-object-page menu-item-2409 aux-menu-depth-0 aux-menu-root-4 aux-menu-item\">\n\t\t\t<a href=\"https:\/\/www.periscoop-marketing.com\/index.php\/notre-offre\/\" class=\"aux-item-content\">\n\t\t\t\t<span class=\"aux-menu-label\">Notre Offre<\/span>\n\t\t\t<\/a>\n\t\t<\/li>\n\t\t<!-- end single menu -->\n\t\t<!-- start single menu -->\n\t\t<li id=\"menu-item-2182\" class=\"a1i0s0 menu-item menu-item-type-post_type menu-item-object-page menu-item-2182 aux-menu-depth-0 aux-menu-root-5 aux-menu-item\">\n\t\t\t<a href=\"https:\/\/www.periscoop-marketing.com\/index.php\/blog\/\" class=\"aux-item-content\">\n\t\t\t\t<span class=\"aux-menu-label\">Blog<\/span>\n\t\t\t<\/a>\n\t\t<\/li>\n\t\t<!-- end single menu -->\n\t<\/ul>\n\n<\/nav>\n<!-- end master menu -->\n<div class=\"aux-toggle-menu-bar\"><\/div><\/div><style>@media only screen and (min-width: 2px) { .elementor-element-5ac5081d .aux-burger-box { display: none } }<\/style>\t\t<\/div>\n\t\t\t\t<\/div>\n\t\t\t\t\t<\/div>\n\t\t<\/div>\n\t\t\t\t\t<\/div>\n\t\t<\/section>\n\t\t\t\t<section class=\"elementor-section elementor-top-section elementor-element elementor-element-5dc875fe elementor-section-content-middle elementor-section-boxed elementor-section-height-default elementor-section-height-default\" data-id=\"5dc875fe\" data-element_type=\"section\" data-settings=\"{&quot;background_background&quot;:&quot;classic&quot;}\">\n\t\t\t\t\t\t<div class=\"elementor-container elementor-column-gap-no\">\n\t\t\t\t\t<div class=\"aux-parallax-section elementor-column elementor-col-100 elementor-top-column elementor-element elementor-element-3e334535\" data-id=\"3e334535\" data-element_type=\"column\">\n\t\t\t<div class=\"elementor-widget-wrap elementor-element-populated\">\n\t\t\t\t\t\t<div class=\"elementor-element elementor-element-7405f6c0 elementor-widget__width-auto elementor-widget-mobile__width-inherit elementor-widget elementor-widget-aux_modern_heading\" data-id=\"7405f6c0\" data-element_type=\"widget\" data-widget_type=\"aux_modern_heading.default\">\n\t\t\t\t<div class=\"elementor-widget-container\">\n\t\t\t<section class=\"aux-widget-modern-heading\">\n            <div class=\"aux-widget-inner\"><p class=\"aux-modern-heading-primary\">\u00a9 2024 Periscoop Marketing - Tous droits reserv\u00e9s<\/p><\/div>\n        <\/section>\t\t<\/div>\n\t\t\t\t<\/div>\n\t\t\t\t<div class=\"elementor-element elementor-element-314a155e elementor-widget__width-auto elementor-widget-mobile__width-inherit elementor-widget elementor-widget-aux_icon_list\" data-id=\"314a155e\" data-element_type=\"widget\" data-widget_type=\"aux_icon_list.default\">\n\t\t\t\t<div class=\"elementor-widget-container\">\n\t\t\t<section class=\"widget-container aux-widget-icon-list aux-parent-au55212765\"><div class=\"widget-inner\"><div class=\"aux-widget-icon-list-inner\"><ul class=\"aux-icon-list-items aux-direction-horizontal\"><li class=\"aux-icon-list-item aux-list-item-has-icon aux-icon-list-item-4d72676 elementor-repeater-item-4d72676\"><a class=\"aux-icon-list-link\" href=\"https:\/\/www.periscoop-marketing.com\/index.php\/politique-de-confidentialite-2\/\"><span class=\"aux-icon-list-text\">Politique de confidentialit\u00e9<\/span><\/a><\/li><li class=\"aux-icon-list-item aux-list-item-has-icon aux-icon-list-item-b29b369 elementor-repeater-item-b29b369\"><a class=\"aux-icon-list-link\" href=\"https:\/\/www.periscoop-marketing.com\/index.php\/mentions-legales\/\"><span class=\"aux-icon-list-text\">Mentions l\u00e9gales<\/span><\/a><\/li><\/ul><\/div><\/div><\/section><!-- widget-container -->\t\t<\/div>\n\t\t\t\t<\/div>\n\t\t\t\t\t<\/div>\n\t\t<\/div>\n\t\t\t\t\t<\/div>\n\t\t<\/section>\n\t\t\t\t<\/div>\n\t\t","protected":false},"excerpt":{"rendered":"<p>Notre expertise Une approche orient\u00e9e \u00ab\u00a0terrains &amp; visions entreprises\u00a0\u00bb Les terrains d&rsquo;\u00e9tudes marketing B to B pr\u00e9sentent des singularit\u00e9s\u00a0inh\u00e9rentes \u00e0 la nature des relations commerciales entre entreprises. Et puisque \u00ab\u00a0le monde entier est un pont \u00e9troit\u00a0\u00bb\u00a0, les membres de nos panels professionnels sont peut-\u00eatre vos futurs partenaires, clients ou coll\u00e8gues, eux aussi. Aussi, chez Periscoop [&hellip;]<\/p>\n","protected":false},"author":1,"featured_media":0,"parent":0,"menu_order":0,"comment_status":"closed","ping_status":"closed","template":"","meta":{"_uag_custom_page_level_css":"","_ti_tpc_template_sync":false,"_ti_tpc_template_id":"","footnotes":""},"class_list":["post-2154","page","type-page","status-publish","hentry"],"uagb_featured_image_src":{"full":false,"thumbnail":false,"medium":false,"medium_large":false,"large":false,"1536x1536":false,"2048x2048":false,"depicter-thumbnail":false,"post-thumbnail":false},"uagb_author_info":{"display_name":"perisck322","author_link":"https:\/\/www.periscoop-marketing.com\/index.php\/author\/perisck322\/"},"uagb_comment_info":0,"uagb_excerpt":"Notre expertise Une approche orient\u00e9e \u00ab\u00a0terrains &amp; visions entreprises\u00a0\u00bb Les terrains d&rsquo;\u00e9tudes marketing B to B pr\u00e9sentent des singularit\u00e9s\u00a0inh\u00e9rentes \u00e0 la nature des relations commerciales entre entreprises. Et puisque \u00ab\u00a0le monde entier est un pont \u00e9troit\u00a0\u00bb\u00a0, les membres de nos panels professionnels sont peut-\u00eatre vos futurs partenaires, clients ou coll\u00e8gues, eux aussi. Aussi, chez Periscoop\u2026","_links":{"self":[{"href":"https:\/\/www.periscoop-marketing.com\/index.php\/wp-json\/wp\/v2\/pages\/2154","targetHints":{"allow":["GET"]}}],"collection":[{"href":"https:\/\/www.periscoop-marketing.com\/index.php\/wp-json\/wp\/v2\/pages"}],"about":[{"href":"https:\/\/www.periscoop-marketing.com\/index.php\/wp-json\/wp\/v2\/types\/page"}],"author":[{"embeddable":true,"href":"https:\/\/www.periscoop-marketing.com\/index.php\/wp-json\/wp\/v2\/users\/1"}],"replies":[{"embeddable":true,"href":"https:\/\/www.periscoop-marketing.com\/index.php\/wp-json\/wp\/v2\/comments?post=2154"}],"version-history":[{"count":209,"href":"https:\/\/www.periscoop-marketing.com\/index.php\/wp-json\/wp\/v2\/pages\/2154\/revisions"}],"predecessor-version":[{"id":4071,"href":"https:\/\/www.periscoop-marketing.com\/index.php\/wp-json\/wp\/v2\/pages\/2154\/revisions\/4071"}],"wp:attachment":[{"href":"https:\/\/www.periscoop-marketing.com\/index.php\/wp-json\/wp\/v2\/media?parent=2154"}],"curies":[{"name":"wp","href":"https:\/\/api.w.org\/{rel}","templated":true}]}}