{"id":2406,"date":"2024-10-09T21:31:13","date_gmt":"2024-10-09T19:31:13","guid":{"rendered":"https:\/\/www.periscoop-marketing.com\/?page_id=2406"},"modified":"2025-06-17T11:23:52","modified_gmt":"2025-06-17T09:23:52","slug":"notre-offre","status":"publish","type":"page","link":"https:\/\/www.periscoop-marketing.com\/index.php\/notre-offre\/","title":{"rendered":"Notre Offre"},"content":{"rendered":"\t\t<div data-elementor-type=\"wp-page\" data-elementor-id=\"2406\" class=\"elementor elementor-2406\" data-elementor-post-type=\"page\">\n\t\t\t\t<div class=\"aux-parallax-section elementor-element elementor-element-dcc8249 e-flex e-con-boxed e-con e-parent\" data-id=\"dcc8249\" data-element_type=\"container\">\n\t\t\t\t\t<div class=\"e-con-inner\">\n\t\t\t\t<div class=\"elementor-element elementor-element-0ba07c5 elementor-widget-divider--view-line elementor-widget elementor-widget-divider\" data-id=\"0ba07c5\" data-element_type=\"widget\" data-widget_type=\"divider.default\">\n\t\t\t\t<div class=\"elementor-widget-container\">\n\t\t\t\t\t<div class=\"elementor-divider\">\n\t\t\t<span class=\"elementor-divider-separator\">\n\t\t\t\t\t\t<\/span>\n\t\t<\/div>\n\t\t\t\t<\/div>\n\t\t\t\t<\/div>\n\t\t\t\t\t<\/div>\n\t\t\t\t<\/div>\n\t\t<div class=\"aux-parallax-section elementor-element elementor-element-b5697c9 e-flex e-con-boxed e-con e-parent\" data-id=\"b5697c9\" data-element_type=\"container\">\n\t\t\t\t\t<div class=\"e-con-inner\">\n\t\t\t\t<div class=\"elementor-element elementor-element-22fe628 elementor-widget__width-initial elementor-widget elementor-widget-heading\" data-id=\"22fe628\" data-element_type=\"widget\" data-widget_type=\"heading.default\">\n\t\t\t\t<div class=\"elementor-widget-container\">\n\t\t\t<h2 class=\"elementor-heading-title elementor-size-default\">Notre Offre<\/h2>\t\t<\/div>\n\t\t\t\t<\/div>\n\t\t\t\t\t<\/div>\n\t\t\t\t<\/div>\n\t\t<div class=\"aux-parallax-section elementor-element elementor-element-d3b9029 e-flex e-con-boxed e-con e-parent\" data-id=\"d3b9029\" data-element_type=\"container\">\n\t\t\t\t\t<div class=\"e-con-inner\">\n\t\t\t\t<div class=\"elementor-element elementor-element-9319be9 elementor-widget__width-initial elementor-widget elementor-widget-heading\" data-id=\"9319be9\" data-element_type=\"widget\" data-widget_type=\"heading.default\">\n\t\t\t\t<div class=\"elementor-widget-container\">\n\t\t\t<h2 class=\"elementor-heading-title elementor-size-default\">Explorer les univers des entreprises et des professionnels<\/h2>\t\t<\/div>\n\t\t\t\t<\/div>\n\t\t\t\t\t<\/div>\n\t\t\t\t<\/div>\n\t\t<div class=\"aux-parallax-section elementor-element elementor-element-2ef53a1 e-flex e-con-boxed e-con e-parent\" data-id=\"2ef53a1\" data-element_type=\"container\">\n\t\t\t\t\t<div class=\"e-con-inner\">\n\t\t\t\t<div class=\"elementor-element elementor-element-8d30c0e elementor-widget__width-initial elementor-widget-mobile__width-initial elementor-widget elementor-widget-text-editor\" data-id=\"8d30c0e\" data-element_type=\"widget\" data-widget_type=\"text-editor.default\">\n\t\t\t\t<div class=\"elementor-widget-container\">\n\t\t\t\t\t\t\t<p><img fetchpriority=\"high\" decoding=\"async\" class=\"wp-image-2116 aligncenter\" src=\"https:\/\/www.periscoop-marketing.com\/wp-content\/uploads\/2019\/11\/general.png\" alt=\"\" width=\"195\" height=\"289\" \/><\/p><p>Nos grands domaines d\u2019intervention sont les \u00e9tudes qualitatives, exploratoires, strat\u00e9giques, la recherche et le conseil marketing et strat\u00e9gique.\u00a0<\/p><p>Nous nous impliquons avec rigueur et enthousiasme \u00e0 toutes les \u00e9tapes d\u2019une \u00e9tude\u00a0: conception m\u00e9thodologique, tenue du terrain, conclusions et recommandations finales op\u00e9rationnelles.<\/p><p>Notre mission est de lier le savoir \u00e0 l\u2019action, l\u2019information recueillie \u00e0 la recommandation et de d\u00e9velopper des m\u00e9thodes permettant l\u2019immersion de nos clients dans l\u2019analyse et l\u2019\u00e9laboration de plans d\u2019action efficaces et productifs.<\/p><p>Au-del\u00e0 de notre expertise en marketing B to B, nous avons d\u00e9velopp\u00e9 une v\u00e9ritable sp\u00e9cialisation dans les secteurs agroalimentaire, informatique, Telecom, technologies, ressources humaines et toutes les activit\u00e9s de services, le secteur public et les institutions.<\/p>\t\t\t\t\t\t<\/div>\n\t\t\t\t<\/div>\n\t\t\t\t\t<\/div>\n\t\t\t\t<\/div>\n\t\t<div class=\"aux-parallax-section elementor-element elementor-element-1420823 e-flex e-con-boxed e-con e-parent\" data-id=\"1420823\" data-element_type=\"container\">\n\t\t\t\t\t<div class=\"e-con-inner\">\n\t\t\t\t<div class=\"elementor-element elementor-element-ba72034 elementor-widget__width-initial elementor-widget elementor-widget-heading\" data-id=\"ba72034\" data-element_type=\"widget\" data-widget_type=\"heading.default\">\n\t\t\t\t<div class=\"elementor-widget-container\">\n\t\t\t<h2 class=\"elementor-heading-title elementor-size-default\">Nos Propositions<\/h2>\t\t<\/div>\n\t\t\t\t<\/div>\n\t\t\t\t\t<\/div>\n\t\t\t\t<\/div>\n\t\t<div class=\"aux-parallax-section elementor-element elementor-element-345f209 e-flex e-con-boxed e-con e-parent\" data-id=\"345f209\" data-element_type=\"container\">\n\t\t\t\t\t<div class=\"e-con-inner\">\n\t\t\t\t<div class=\"elementor-element elementor-element-f4e053f elementor-widget__width-initial elementor-widget elementor-widget-text-editor\" data-id=\"f4e053f\" data-element_type=\"widget\" data-widget_type=\"text-editor.default\">\n\t\t\t\t<div class=\"elementor-widget-container\">\n\t\t\t\t\t\t\t<p class=\"p1\">Panels ad hoc B to B<\/p><p class=\"p1\">\u00c9tudes de marches et de potentiels<\/p><p class=\"p1\">Typologies et segmentation<\/p><p class=\"p1\">Tests de concepts, de produits<\/p><p class=\"p1\">Pr\u00e9 et post tests, \u00e9tudes d\u2019image<\/p><p class=\"p1\">\u00c9tudes interne (satisfaction, climat interne des entreprises).<\/p><p class=\"p1\">\u00c9valuation de la communication, des politiques publiques<\/p><p class=\"p1\">Construction d\u2019offres\/produits\/services<\/p><p class=\"p1\">Strat\u00e9gie marketing<\/p><p class=\"p1\">Benchmarking<\/p><p class=\"p1\">Organisation de terrains d\u2019\u00e9tudes internationaux<span class=\"Apple-converted-space\">\u00a0<\/span><\/p><p class=\"p1\">Animation de d\u00e9marches de cr\u00e9ativit\u00e9 et d\u2019innovation, (storytelling, workshops,\u2026)<\/p>\t\t\t\t\t\t<\/div>\n\t\t\t\t<\/div>\n\t\t\t\t\t<\/div>\n\t\t\t\t<\/div>\n\t\t<div class=\"aux-parallax-section elementor-element elementor-element-3ff4a629 e-flex e-con-boxed e-con e-parent\" data-id=\"3ff4a629\" data-element_type=\"container\">\n\t\t\t\t\t<div class=\"e-con-inner\">\n\t\t\t\t<div class=\"elementor-element elementor-element-13b927bd elementor-widget__width-initial elementor-widget elementor-widget-aux_blockquote\" data-id=\"13b927bd\" data-element_type=\"widget\" data-widget_type=\"aux_blockquote.default\">\n\t\t\t\t<div class=\"elementor-widget-container\">\n\t\t\t<section class=\"widget-container aux-widget-quote aux-parent-au6cf9dff5\"><blockquote class=\"aux-elem-quote aux-blockquote-normal aux-text-align-center aux-quote-symbol\"><p>La cr\u00e9ativit\u00e9, c\u2019est l\u2019intelligence qui s\u2019amuse.\n<h6>Albert Einstein<\/h6><\/p><\/blockquote><\/section><!-- widget-container -->\t\t<\/div>\n\t\t\t\t<\/div>\n\t\t\t\t\t<\/div>\n\t\t\t\t<\/div>\n\t\t\t\t<section class=\"elementor-section elementor-top-section elementor-element elementor-element-3a1eadcb elementor-section-boxed elementor-section-height-default elementor-section-height-default\" data-id=\"3a1eadcb\" data-element_type=\"section\" data-settings=\"{&quot;background_background&quot;:&quot;classic&quot;}\">\n\t\t\t\t\t\t\t<div class=\"elementor-background-overlay\"><\/div>\n\t\t\t\t\t\t\t<div class=\"elementor-container elementor-column-gap-no\">\n\t\t\t\t\t<div class=\"aux-parallax-section elementor-column elementor-col-100 elementor-top-column elementor-element elementor-element-7c83ee5d\" data-id=\"7c83ee5d\" data-element_type=\"column\" data-settings=\"{&quot;background_background&quot;:&quot;classic&quot;}\">\n\t\t\t<div class=\"elementor-widget-wrap elementor-element-populated\">\n\t\t\t\t\t\t<div class=\"elementor-element elementor-element-4d3f96c elementor-widget__width-initial aux-appear-watch-animation aux-fade-in-right-2 elementor-widget-mobile__width-initial elementor-widget elementor-widget-aux_modern_heading\" data-id=\"4d3f96c\" data-element_type=\"widget\" data-widget_type=\"aux_modern_heading.default\">\n\t\t\t\t<div class=\"elementor-widget-container\">\n\t\t\t<section class=\"aux-widget-modern-heading\">\n            <div class=\"aux-widget-inner\"><h4 class=\"aux-modern-heading-primary\">Vous avez une id\u00e9e, un projet ? Parlons-en ensemble !<\/h4><\/div>\n        <\/section>\t\t<\/div>\n\t\t\t\t<\/div>\n\t\t\t\t\t<\/div>\n\t\t<\/div>\n\t\t\t\t\t<\/div>\n\t\t<\/section>\n\t\t\t\t<section class=\"elementor-section elementor-top-section elementor-element elementor-element-69bb519b elementor-section-boxed elementor-section-height-default elementor-section-height-default\" data-id=\"69bb519b\" data-element_type=\"section\" data-settings=\"{&quot;background_background&quot;:&quot;classic&quot;}\">\n\t\t\t\t\t\t<div class=\"elementor-container elementor-column-gap-no\">\n\t\t\t\t\t<div class=\"aux-parallax-section elementor-column elementor-col-100 elementor-top-column elementor-element elementor-element-22b5e4df\" data-id=\"22b5e4df\" data-element_type=\"column\">\n\t\t\t<div class=\"elementor-widget-wrap elementor-element-populated\">\n\t\t\t\t\t\t<div class=\"elementor-element elementor-element-36a6b856 elementor-widget__width-initial elementor-widget-mobile__width-inherit elementor-widget elementor-widget-aux_logo\" data-id=\"36a6b856\" data-element_type=\"widget\" data-widget_type=\"aux_logo.default\">\n\t\t\t\t<div class=\"elementor-widget-container\">\n\t\t\t<div class=\"aux-widget-logo\"><a class=\"aux-logo-anchor aux-has-logo\" title=\"Periscoop marketing\" href=\"https:\/\/www.periscoop-marketing.com\/\"><img decoding=\"async\" width=\"700\" height=\"245\" src=\"https:\/\/www.periscoop-marketing.com\/wp-content\/uploads\/2024\/12\/cropped-logo-slogan-ok.png\" class=\"aux-attachment aux-featured-image attachment-700x245 aux-attachment-id-2842 \" alt=\"cropped-logo-slogan-ok.png\" data-ratio=\"2.86\" data-original-w=\"700\" \/><\/a><a class=\"aux-logo-anchor aux-logo-sticky aux-logo-hidden aux-has-logo\" title=\"Periscoop marketing\" href=\"https:\/\/www.periscoop-marketing.com\/\"><img decoding=\"async\" width=\"500\" height=\"167\" src=\"https:\/\/www.periscoop-marketing.com\/wp-content\/uploads\/2024\/09\/Logos-blanc.png\" class=\"aux-attachment aux-featured-image attachment-500x167 aux-attachment-id-2193 \" alt=\"Logos-blanc\" data-ratio=\"2.99\" data-original-w=\"500\" \/><\/a><section class=\"aux-logo-text\"><h3 class=\"site-title\"><a href=\"https:\/\/www.periscoop-marketing.com\/\" title=\"Periscoop marketing\">Periscoop marketing<\/a><\/h3><p class=\"site-description\">The b to b market research agency<\/p><\/section><\/div>\t\t<\/div>\n\t\t\t\t<\/div>\n\t\t\t\t<div class=\"elementor-element elementor-element-419d8641 elementor-widget__width-auto elementor-widget elementor-widget-aux_menu_box\" data-id=\"419d8641\" data-element_type=\"widget\" data-widget_type=\"aux_menu_box.default\">\n\t\t\t\t<div class=\"elementor-widget-container\">\n\t\t\t<div class=\"aux-elementor-header-menu aux-nav-menu-element aux-nav-menu-element-419d8641\"><div class=\"aux-burger-box\" data-target-panel=\"toggle-bar\" data-target-content=\".elementor-element-419d8641 .aux-master-menu\"><div class=\"aux-burger aux-lite-small\"><span class=\"mid-line\"><\/span><\/div><\/div><!-- start master menu -->\n<nav id=\"master-menu-elementor-419d8641\" class=\"menu-header-menu-container\">\n\n\t<ul id=\"menu-header-menu\" class=\"aux-master-menu aux-no-js aux-skin-classic aux-horizontal\" data-type=\"horizontal\"  data-switch-type=\"toggle\" data-switch-parent=\".elementor-element-419d8641 .aux-toggle-menu-bar\" data-switch-width=\"1\"  >\n\t\t<!-- start single menu -->\n\t\t<li id=\"menu-item-2178\" class=\"a1i0s0 menu-item menu-item-type-post_type menu-item-object-page menu-item-home menu-item-2178 aux-menu-depth-0 aux-menu-root-1 aux-menu-item\">\n\t\t\t<a href=\"https:\/\/www.periscoop-marketing.com\/\" class=\"aux-item-content\">\n\t\t\t\t<span class=\"aux-menu-label\">Accueil<\/span>\n\t\t\t<\/a>\n\t\t<\/li>\n\t\t<!-- end single menu -->\n\t\t<!-- start single menu -->\n\t\t<li id=\"menu-item-2399\" class=\"menu-item menu-item-type-post_type menu-item-object-page menu-item-2399 aux-menu-depth-0 aux-menu-root-2 aux-menu-item\">\n\t\t\t<a href=\"https:\/\/www.periscoop-marketing.com\/index.php\/periscoop-marketing\/\" class=\"aux-item-content\">\n\t\t\t\t<span class=\"aux-menu-label\">Periscoop Marketing<\/span>\n\t\t\t<\/a>\n\t\t<\/li>\n\t\t<!-- end single menu -->\n\t\t<!-- start single menu -->\n\t\t<li id=\"menu-item-2180\" class=\"a1i0s0 menu-item menu-item-type-post_type menu-item-object-page menu-item-2180 aux-menu-depth-0 aux-menu-root-3 aux-menu-item\">\n\t\t\t<a href=\"https:\/\/www.periscoop-marketing.com\/index.php\/projects\/\" class=\"aux-item-content\">\n\t\t\t\t<span class=\"aux-menu-label\">Notre Expertise<\/span>\n\t\t\t<\/a>\n\t\t<\/li>\n\t\t<!-- end single menu -->\n\t\t<!-- start single menu -->\n\t\t<li id=\"menu-item-2409\" class=\"menu-item menu-item-type-post_type menu-item-object-page menu-item-2409 aux-menu-depth-0 aux-menu-root-4 aux-menu-item\">\n\t\t\t<a href=\"https:\/\/www.periscoop-marketing.com\/index.php\/notre-offre\/\" class=\"aux-item-content\">\n\t\t\t\t<span class=\"aux-menu-label\">Notre Offre<\/span>\n\t\t\t<\/a>\n\t\t<\/li>\n\t\t<!-- end single menu -->\n\t\t<!-- start single menu -->\n\t\t<li id=\"menu-item-2182\" class=\"a1i0s0 menu-item menu-item-type-post_type menu-item-object-page menu-item-2182 aux-menu-depth-0 aux-menu-root-5 aux-menu-item\">\n\t\t\t<a href=\"https:\/\/www.periscoop-marketing.com\/index.php\/blog\/\" class=\"aux-item-content\">\n\t\t\t\t<span class=\"aux-menu-label\">Blog<\/span>\n\t\t\t<\/a>\n\t\t<\/li>\n\t\t<!-- end single menu -->\n\t<\/ul>\n\n<\/nav>\n<!-- end master menu -->\n<div class=\"aux-toggle-menu-bar\"><\/div><\/div><style>@media only screen and (min-width: 2px) { .elementor-element-419d8641 .aux-burger-box { display: none } }<\/style>\t\t<\/div>\n\t\t\t\t<\/div>\n\t\t\t\t\t<\/div>\n\t\t<\/div>\n\t\t\t\t\t<\/div>\n\t\t<\/section>\n\t\t\t\t<section class=\"elementor-section elementor-top-section elementor-element elementor-element-6f20f6e0 elementor-section-content-middle elementor-section-boxed elementor-section-height-default elementor-section-height-default\" data-id=\"6f20f6e0\" data-element_type=\"section\" data-settings=\"{&quot;background_background&quot;:&quot;classic&quot;}\">\n\t\t\t\t\t\t<div class=\"elementor-container elementor-column-gap-no\">\n\t\t\t\t\t<div class=\"aux-parallax-section elementor-column elementor-col-100 elementor-top-column elementor-element elementor-element-1342d43\" data-id=\"1342d43\" data-element_type=\"column\">\n\t\t\t<div class=\"elementor-widget-wrap elementor-element-populated\">\n\t\t\t\t\t\t<div class=\"elementor-element elementor-element-0aad8f9 elementor-widget__width-auto elementor-widget-mobile__width-inherit elementor-widget elementor-widget-aux_modern_heading\" data-id=\"0aad8f9\" data-element_type=\"widget\" data-widget_type=\"aux_modern_heading.default\">\n\t\t\t\t<div class=\"elementor-widget-container\">\n\t\t\t<section class=\"aux-widget-modern-heading\">\n            <div class=\"aux-widget-inner\"><p class=\"aux-modern-heading-primary\">\u00a9 2024 Periscoop Marketing - Tous droits reserv\u00e9s<\/p><\/div>\n        <\/section>\t\t<\/div>\n\t\t\t\t<\/div>\n\t\t\t\t<div class=\"elementor-element elementor-element-a551917 elementor-widget__width-auto elementor-widget-mobile__width-inherit elementor-widget elementor-widget-aux_icon_list\" data-id=\"a551917\" data-element_type=\"widget\" data-widget_type=\"aux_icon_list.default\">\n\t\t\t\t<div class=\"elementor-widget-container\">\n\t\t\t<section class=\"widget-container aux-widget-icon-list aux-parent-au37606f90\"><div class=\"widget-inner\"><div class=\"aux-widget-icon-list-inner\"><ul class=\"aux-icon-list-items aux-direction-horizontal\"><li class=\"aux-icon-list-item aux-list-item-has-icon aux-icon-list-item-4d72676 elementor-repeater-item-4d72676\"><a class=\"aux-icon-list-link\" href=\"https:\/\/www.periscoop-marketing.com\/index.php\/politique-de-confidentialite-2\/\"><span class=\"aux-icon-list-text\">Politique de confidentialit\u00e9<\/span><\/a><\/li><li class=\"aux-icon-list-item aux-list-item-has-icon aux-icon-list-item-b29b369 elementor-repeater-item-b29b369\"><a class=\"aux-icon-list-link\" href=\"https:\/\/www.periscoop-marketing.com\/index.php\/mentions-legales\/\"><span class=\"aux-icon-list-text\">Mentions l\u00e9gales<\/span><\/a><\/li><\/ul><\/div><\/div><\/section><!-- widget-container -->\t\t<\/div>\n\t\t\t\t<\/div>\n\t\t\t\t\t<\/div>\n\t\t<\/div>\n\t\t\t\t\t<\/div>\n\t\t<\/section>\n\t\t\t\t<\/div>\n\t\t","protected":false},"excerpt":{"rendered":"<p>Notre Offre Explorer les univers des entreprises et des professionnels Nos grands domaines d\u2019intervention sont les \u00e9tudes qualitatives, exploratoires, strat\u00e9giques, la recherche et le conseil marketing et strat\u00e9gique.\u00a0 Nous nous impliquons avec rigueur et enthousiasme \u00e0 toutes les \u00e9tapes d\u2019une \u00e9tude\u00a0: conception m\u00e9thodologique, tenue du terrain, conclusions et recommandations finales op\u00e9rationnelles. Notre mission est de [&hellip;]<\/p>\n","protected":false},"author":1,"featured_media":0,"parent":0,"menu_order":0,"comment_status":"closed","ping_status":"closed","template":"","meta":{"_uag_custom_page_level_css":"","_ti_tpc_template_sync":false,"_ti_tpc_template_id":"","footnotes":""},"class_list":["post-2406","page","type-page","status-publish","hentry"],"uagb_featured_image_src":{"full":false,"thumbnail":false,"medium":false,"medium_large":false,"large":false,"1536x1536":false,"2048x2048":false,"depicter-thumbnail":false,"post-thumbnail":false},"uagb_author_info":{"display_name":"perisck322","author_link":"https:\/\/www.periscoop-marketing.com\/index.php\/author\/perisck322\/"},"uagb_comment_info":0,"uagb_excerpt":"Notre Offre Explorer les univers des entreprises et des professionnels Nos grands domaines d\u2019intervention sont les \u00e9tudes qualitatives, exploratoires, strat\u00e9giques, la recherche et le conseil marketing et strat\u00e9gique.\u00a0 Nous nous impliquons avec rigueur et enthousiasme \u00e0 toutes les \u00e9tapes d\u2019une \u00e9tude\u00a0: conception m\u00e9thodologique, tenue du terrain, conclusions et recommandations finales op\u00e9rationnelles. Notre mission est de\u2026","_links":{"self":[{"href":"https:\/\/www.periscoop-marketing.com\/index.php\/wp-json\/wp\/v2\/pages\/2406","targetHints":{"allow":["GET"]}}],"collection":[{"href":"https:\/\/www.periscoop-marketing.com\/index.php\/wp-json\/wp\/v2\/pages"}],"about":[{"href":"https:\/\/www.periscoop-marketing.com\/index.php\/wp-json\/wp\/v2\/types\/page"}],"author":[{"embeddable":true,"href":"https:\/\/www.periscoop-marketing.com\/index.php\/wp-json\/wp\/v2\/users\/1"}],"replies":[{"embeddable":true,"href":"https:\/\/www.periscoop-marketing.com\/index.php\/wp-json\/wp\/v2\/comments?post=2406"}],"version-history":[{"count":91,"href":"https:\/\/www.periscoop-marketing.com\/index.php\/wp-json\/wp\/v2\/pages\/2406\/revisions"}],"predecessor-version":[{"id":3945,"href":"https:\/\/www.periscoop-marketing.com\/index.php\/wp-json\/wp\/v2\/pages\/2406\/revisions\/3945"}],"wp:attachment":[{"href":"https:\/\/www.periscoop-marketing.com\/index.php\/wp-json\/wp\/v2\/media?parent=2406"}],"curies":[{"name":"wp","href":"https:\/\/api.w.org\/{rel}","templated":true}]}}